{"id":2503,"date":"2025-02-14T13:10:32","date_gmt":"2025-02-14T11:10:32","guid":{"rendered":"https:\/\/blackmusicfestival.com\/the-club\/"},"modified":"2025-02-14T14:21:52","modified_gmt":"2025-02-14T12:21:52","slug":"the-club","status":"publish","type":"page","link":"https:\/\/blackmusicfestival.com\/en\/the-club\/","title":{"rendered":"The Club"},"content":{"rendered":"<p>[et_pb_section fb_built=&#8221;1&#8243; _builder_version=&#8221;4.27.4&#8243; _module_preset=&#8221;default&#8221; background_image=&#8221;https:\/\/blackmusicfestival.com\/wp-content\/uploads\/2023\/10\/gramophone-all-tars-2018.png&#8221; background_position=&#8221;bottom_center&#8221; min_height=&#8221;50vh&#8221; global_colors_info=&#8221;{}&#8221;][et_pb_row _builder_version=&#8221;4.27.4&#8243; _module_preset=&#8221;default&#8221; global_colors_info=&#8221;{}&#8221;][et_pb_column type=&#8221;4_4&#8243; _builder_version=&#8221;4.22.2&#8243; _module_preset=&#8221;default&#8221; global_colors_info=&#8221;{}&#8221;][et_pb_text _builder_version=&#8221;4.23&#8243; _module_preset=&#8221;default&#8221; text_font=&#8221;|700|||||||&#8221; text_text_color=&#8221;#FFFFFF&#8221; text_font_size=&#8221;70px&#8221; header_font=&#8221;|700|||||||&#8221; header_text_color=&#8221;#FFFFFF&#8221; header_font_size=&#8221;70px&#8221; text_orientation=&#8221;center&#8221; custom_margin=&#8221;14vh||||false|false&#8221; text_text_shadow_style=&#8221;preset5&#8243; text_text_shadow_color=&#8221;rgba(0,0,0,0.7)&#8221; global_colors_info=&#8221;{}&#8221;]<\/p>\n<h1>THE CLUB<\/h1>\n<p>[\/et_pb_text][\/et_pb_column][\/et_pb_row][\/et_pb_section][et_pb_section fb_built=&#8221;1&#8243; _builder_version=&#8221;4.22.2&#8243; _module_preset=&#8221;default&#8221; global_colors_info=&#8221;{}&#8221;][et_pb_row column_structure=&#8221;1_2,1_2&#8243; _builder_version=&#8221;4.22.2&#8243; _module_preset=&#8221;default&#8221; global_colors_info=&#8221;{}&#8221; custom_padding=&#8221;||77px|||&#8221;][et_pb_column type=&#8221;1_2&#8243; _builder_version=&#8221;4.22.2&#8243; _module_preset=&#8221;default&#8221; global_colors_info=&#8221;{}&#8221;][et_pb_text _builder_version=&#8221;4.23.1&#8243; _module_preset=&#8221;default&#8221; animation_style=&#8221;slide&#8221; animation_direction=&#8221;left&#8221; hover_transition_speed_curve=&#8221;ease-in-out&#8221; global_colors_info=&#8221;{}&#8221;]<\/p>\n<div id=\"sppb-addon-1522757167727\" class=\"clearfix\">\n<div class=\"sppb-addon sppb-addon-text-block 0  \">\n<div class=\"sppb-addon-content\">\n<div>\n<p><span>Un club pensat per als amants de la m\u00fasica que vulguin viure el Black Music Festival i altres esdeveniments musicals afins d\u2019una manera \u00fanica i propera.<\/span><\/p>\n<p>Ser membre \u00e9s totalment gratu\u00eft!<br \/>Un cop inscrit, estar\u00e0s al dia de tota la programaci\u00f3 del Black Music Festival i d\u2019altres concerts i esdeveniments musicals de qualitat. \u00a0Volem que no et perdis \u00a0cap cita important!<\/p>\n<p>Gaudeix d\u2019avantatges exclusius:<br \/>* Participa en experi\u00e8ncies \u00faniques, com trobades amb artistes, concerts \u00edntims i activitats especials reservades nom\u00e9s per als membres.<br \/>* Descomptes i promocions en entrades i productes relacionats amb el festival.<br \/>* Acc\u00e9s prioritari a esdeveniments i activitats seleccionades.<\/p>\n<p>Sigues part activa del festival!<br \/>Els membres del Black Music Club tenen l\u2019oportunitat de fer sentir la seva veu a l\u2019hora de pensar programacions i activitats del festival. Forma part del proc\u00e9s creatiu i ajuda\u2019ns a fer que cada edici\u00f3 sigui m\u00e9s memorable!<\/p>\n<p>Uneix-te ara i descobreix una nova manera de viure la m\u00fasica.<\/p>\n<p>&nbsp;<\/p>\n<\/div>\n<div><span><strong>Inscriu-te al Black Music Club i connecta\u2019t amb una comunitat apassionada per la m\u00fasica, plena de moments inoblidables.<\/strong><\/span><\/div>\n<p>&nbsp;<\/p>\n<\/div>\n<\/div>\n<\/div>\n<p>[\/et_pb_text][et_pb_button button_text=&#8221;I want to become a member of the BMF Club&#8221; _builder_version=&#8221;4.27.4&#8243; _module_preset=&#8221;default&#8221; button_url=&#8221;http:\/\/eepurl.com\/dfPM7P&#8221; custom_button=&#8221;on&#8221; button_text_color=&#8221;#000000&#8243; hover_enabled=&#8221;0&#8243; sticky_enabled=&#8221;0&#8243;][\/et_pb_button][\/et_pb_column][et_pb_column type=&#8221;1_2&#8243; _builder_version=&#8221;4.22.2&#8243; _module_preset=&#8221;default&#8221; global_colors_info=&#8221;{}&#8221;][et_pb_text _builder_version=&#8221;4.23.1&#8243; _module_preset=&#8221;default&#8221; custom_padding=&#8221;||0px|||&#8221; animation_style=&#8221;slide&#8221; animation_direction=&#8221;right&#8221; global_colors_info=&#8221;{}&#8221;]<\/p>\n<h3><\/h3>\n<p>[\/et_pb_text][et_pb_text _builder_version=&#8221;4.27.4&#8243; _module_preset=&#8221;default&#8221; animation_style=&#8221;slide&#8221; animation_direction=&#8221;left&#8221; hover_transition_speed_curve=&#8221;ease-in-out&#8221; global_colors_info=&#8221;{}&#8221;]<\/p>\n<div id=\"sppb-addon-1522757167727\" class=\"clearfix\">\n<div class=\"sppb-addon sppb-addon-text-block 0  \">\n<div class=\"sppb-addon-content\">\n<div>\n<p><span><img loading=\"lazy\" decoding=\"async\" src=\"https:\/\/blackmusicfestival.com\/wp-content\/uploads\/2025\/02\/LOGO-BM-CLUB-Formulari2-300x198.png\" width=\"300\" height=\"198\" alt=\"\" class=\"wp-image-2483 alignnone size-medium\" style=\"display: block; margin-left: auto; margin-right: auto;\" srcset=\"https:\/\/blackmusicfestival.com\/wp-content\/uploads\/2025\/02\/LOGO-BM-CLUB-Formulari2-300x198.png 300w, https:\/\/blackmusicfestival.com\/wp-content\/uploads\/2025\/02\/LOGO-BM-CLUB-Formulari2.png 400w\" sizes=\"(max-width: 300px) 100vw, 300px\" \/><\/span><span><strong><\/strong><\/span><\/p>\n<\/div>\n<p>&nbsp;<\/p>\n<\/div>\n<\/div>\n<\/div>\n<p>[\/et_pb_text][\/et_pb_column][\/et_pb_row][\/et_pb_section][et_pb_section fb_built=&#8221;1&#8243; _builder_version=&#8221;4.23.1&#8243; _module_preset=&#8221;default&#8221; custom_padding=&#8221;0px||0px|||&#8221; global_colors_info=&#8221;{}&#8221;][et_pb_row column_structure=&#8221;1_6,1_6,1_6,1_6,1_6,1_6&#8243; use_custom_gutter=&#8221;on&#8221; gutter_width=&#8221;1&#8243; make_equal=&#8221;on&#8221; _builder_version=&#8221;4.23.1&#8243; _module_preset=&#8221;default&#8221; width=&#8221;100%&#8221; max_width=&#8221;2560px&#8221; height=&#8221;16.5vw&#8221; custom_padding=&#8221;0px||0px|||&#8221; global_colors_info=&#8221;{}&#8221;][et_pb_column type=&#8221;1_6&#8243; _builder_version=&#8221;4.23.1&#8243; _module_preset=&#8221;default&#8221; background_image=&#8221;https:\/\/blackmusicfestival.com\/wp-content\/uploads\/2023\/11\/muddy-waters1.png&#8221; global_colors_info=&#8221;{}&#8221;][\/et_pb_column][et_pb_column type=&#8221;1_6&#8243; _builder_version=&#8221;4.23.1&#8243; _module_preset=&#8221;default&#8221; background_image=&#8221;https:\/\/blackmusicfestival.com\/wp-content\/uploads\/2023\/11\/amy.jpg&#8221; global_colors_info=&#8221;{}&#8221;][\/et_pb_column][et_pb_column type=&#8221;1_6&#8243; _builder_version=&#8221;4.23.1&#8243; _module_preset=&#8221;default&#8221; background_image=&#8221;https:\/\/blackmusicfestival.com\/wp-content\/uploads\/2023\/11\/DeeDee_web.jpeg&#8221; global_colors_info=&#8221;{}&#8221;][\/et_pb_column][et_pb_column type=&#8221;1_6&#8243; _builder_version=&#8221;4.23.1&#8243; _module_preset=&#8221;default&#8221; background_image=&#8221;https:\/\/blackmusicfestival.com\/wp-content\/uploads\/2023\/11\/ayax-y-prok1.jpg&#8221; global_colors_info=&#8221;{}&#8221;][\/et_pb_column][et_pb_column type=&#8221;1_6&#8243; _builder_version=&#8221;4.23.1&#8243; _module_preset=&#8221;default&#8221; background_image=&#8221;https:\/\/blackmusicfestival.com\/wp-content\/uploads\/2023\/11\/beyonce1.jpg&#8221; global_colors_info=&#8221;{}&#8221;][\/et_pb_column][et_pb_column type=&#8221;1_6&#8243; _builder_version=&#8221;4.23.1&#8243; _module_preset=&#8221;default&#8221; background_image=&#8221;https:\/\/blackmusicfestival.com\/wp-content\/uploads\/2023\/11\/aretha1.png&#8221; global_colors_info=&#8221;{}&#8221;][\/et_pb_column][\/et_pb_row][\/et_pb_section][et_pb_section fb_built=&#8221;1&#8243; _builder_version=&#8221;4.23.1&#8243; _module_preset=&#8221;default&#8221; global_colors_info=&#8221;{}&#8221;][\/et_pb_section]<\/p>\n","protected":false},"excerpt":{"rendered":"<p>THE CLUB Un club pensat per als amants de la m\u00fasica que vulguin viure el Black Music Festival i altres esdeveniments musicals afins d\u2019una manera \u00fanica i propera. Ser membre [&hellip;]<\/p>\n","protected":false},"author":3,"featured_media":0,"parent":0,"menu_order":0,"comment_status":"closed","ping_status":"closed","template":"","meta":{"_et_pb_use_builder":"on","_et_pb_old_content":"","_et_gb_content_width":"","footnotes":""},"class_list":["post-2503","page","type-page","status-publish","hentry"],"yoast_head":"<!-- This site is optimized with the Yoast SEO plugin v26.3 - https:\/\/yoast.com\/wordpress\/plugins\/seo\/ -->\n<title>The Club - Black Music Festival<\/title>\n<meta name=\"robots\" content=\"index, follow, max-snippet:-1, max-image-preview:large, max-video-preview:-1\" \/>\n<link rel=\"canonical\" href=\"https:\/\/blackmusicfestival.com\/bmfclub\/\" \/>\n<meta property=\"og:locale\" content=\"en_GB\" \/>\n<meta property=\"og:type\" content=\"article\" \/>\n<meta property=\"og:title\" content=\"The Club - Black Music Festival\" \/>\n<meta property=\"og:description\" content=\"THE CLUB Un club pensat per als amants de la m\u00fasica que vulguin viure el Black Music Festival i altres esdeveniments musicals afins d\u2019una manera \u00fanica i propera. Ser membre [&hellip;]\" \/>\n<meta property=\"og:url\" content=\"https:\/\/blackmusicfestival.com\/bmfclub\/\" \/>\n<meta property=\"og:site_name\" content=\"Black Music Festival\" \/>\n<meta property=\"article:modified_time\" content=\"2025-02-14T12:21:52+00:00\" \/>\n<meta property=\"og:image\" content=\"https:\/\/blackmusicfestival.com\/wp-content\/uploads\/2025\/02\/LOGO-BM-CLUB-Formulari2-300x198.png\" \/>\n<meta name=\"twitter:card\" content=\"summary_large_image\" \/>\n<meta name=\"twitter:label1\" content=\"Estimated reading time\" \/>\n\t<meta name=\"twitter:data1\" content=\"4 minutes\" \/>\n<script type=\"application\/ld+json\" class=\"yoast-schema-graph\">{\"@context\":\"https:\/\/schema.org\",\"@graph\":[{\"@type\":\"WebPage\",\"@id\":\"https:\/\/blackmusicfestival.com\/bmfclub\/\",\"url\":\"https:\/\/blackmusicfestival.com\/bmfclub\/\",\"name\":\"The Club - Black Music Festival\",\"isPartOf\":{\"@id\":\"https:\/\/blackmusicfestival.com\/#website\"},\"primaryImageOfPage\":{\"@id\":\"https:\/\/blackmusicfestival.com\/bmfclub\/#primaryimage\"},\"image\":{\"@id\":\"https:\/\/blackmusicfestival.com\/bmfclub\/#primaryimage\"},\"thumbnailUrl\":\"https:\/\/blackmusicfestival.com\/wp-content\/uploads\/2025\/02\/LOGO-BM-CLUB-Formulari2-300x198.png\",\"datePublished\":\"2025-02-14T11:10:32+00:00\",\"dateModified\":\"2025-02-14T12:21:52+00:00\",\"breadcrumb\":{\"@id\":\"https:\/\/blackmusicfestival.com\/bmfclub\/#breadcrumb\"},\"inLanguage\":\"en-GB\",\"potentialAction\":[{\"@type\":\"ReadAction\",\"target\":[\"https:\/\/blackmusicfestival.com\/bmfclub\/\"]}]},{\"@type\":\"ImageObject\",\"inLanguage\":\"en-GB\",\"@id\":\"https:\/\/blackmusicfestival.com\/bmfclub\/#primaryimage\",\"url\":\"https:\/\/blackmusicfestival.com\/wp-content\/uploads\/2025\/02\/LOGO-BM-CLUB-Formulari2-300x198.png\",\"contentUrl\":\"https:\/\/blackmusicfestival.com\/wp-content\/uploads\/2025\/02\/LOGO-BM-CLUB-Formulari2-300x198.png\"},{\"@type\":\"BreadcrumbList\",\"@id\":\"https:\/\/blackmusicfestival.com\/bmfclub\/#breadcrumb\",\"itemListElement\":[{\"@type\":\"ListItem\",\"position\":1,\"name\":\"Inici\",\"item\":\"https:\/\/blackmusicfestival.com\/\"},{\"@type\":\"ListItem\",\"position\":2,\"name\":\"The Club\"}]},{\"@type\":\"WebSite\",\"@id\":\"https:\/\/blackmusicfestival.com\/#website\",\"url\":\"https:\/\/blackmusicfestival.com\/\",\"name\":\"Black Music Festival\",\"description\":\"El Festival de M\u00fasica Negra de Catalunya\",\"potentialAction\":[{\"@type\":\"SearchAction\",\"target\":{\"@type\":\"EntryPoint\",\"urlTemplate\":\"https:\/\/blackmusicfestival.com\/?s={search_term_string}\"},\"query-input\":{\"@type\":\"PropertyValueSpecification\",\"valueRequired\":true,\"valueName\":\"search_term_string\"}}],\"inLanguage\":\"en-GB\"}]}<\/script>\n<!-- \/ Yoast SEO plugin. -->","yoast_head_json":{"title":"The Club - Black Music Festival","robots":{"index":"index","follow":"follow","max-snippet":"max-snippet:-1","max-image-preview":"max-image-preview:large","max-video-preview":"max-video-preview:-1"},"canonical":"https:\/\/blackmusicfestival.com\/bmfclub\/","og_locale":"en_GB","og_type":"article","og_title":"The Club - Black Music Festival","og_description":"THE CLUB Un club pensat per als amants de la m\u00fasica que vulguin viure el Black Music Festival i altres esdeveniments musicals afins d\u2019una manera \u00fanica i propera. Ser membre [&hellip;]","og_url":"https:\/\/blackmusicfestival.com\/bmfclub\/","og_site_name":"Black Music Festival","article_modified_time":"2025-02-14T12:21:52+00:00","og_image":[{"url":"https:\/\/blackmusicfestival.com\/wp-content\/uploads\/2025\/02\/LOGO-BM-CLUB-Formulari2-300x198.png","type":"","width":"","height":""}],"twitter_card":"summary_large_image","twitter_misc":{"Estimated reading time":"4 minutes"},"schema":{"@context":"https:\/\/schema.org","@graph":[{"@type":"WebPage","@id":"https:\/\/blackmusicfestival.com\/bmfclub\/","url":"https:\/\/blackmusicfestival.com\/bmfclub\/","name":"The Club - Black Music Festival","isPartOf":{"@id":"https:\/\/blackmusicfestival.com\/#website"},"primaryImageOfPage":{"@id":"https:\/\/blackmusicfestival.com\/bmfclub\/#primaryimage"},"image":{"@id":"https:\/\/blackmusicfestival.com\/bmfclub\/#primaryimage"},"thumbnailUrl":"https:\/\/blackmusicfestival.com\/wp-content\/uploads\/2025\/02\/LOGO-BM-CLUB-Formulari2-300x198.png","datePublished":"2025-02-14T11:10:32+00:00","dateModified":"2025-02-14T12:21:52+00:00","breadcrumb":{"@id":"https:\/\/blackmusicfestival.com\/bmfclub\/#breadcrumb"},"inLanguage":"en-GB","potentialAction":[{"@type":"ReadAction","target":["https:\/\/blackmusicfestival.com\/bmfclub\/"]}]},{"@type":"ImageObject","inLanguage":"en-GB","@id":"https:\/\/blackmusicfestival.com\/bmfclub\/#primaryimage","url":"https:\/\/blackmusicfestival.com\/wp-content\/uploads\/2025\/02\/LOGO-BM-CLUB-Formulari2-300x198.png","contentUrl":"https:\/\/blackmusicfestival.com\/wp-content\/uploads\/2025\/02\/LOGO-BM-CLUB-Formulari2-300x198.png"},{"@type":"BreadcrumbList","@id":"https:\/\/blackmusicfestival.com\/bmfclub\/#breadcrumb","itemListElement":[{"@type":"ListItem","position":1,"name":"Inici","item":"https:\/\/blackmusicfestival.com\/"},{"@type":"ListItem","position":2,"name":"The Club"}]},{"@type":"WebSite","@id":"https:\/\/blackmusicfestival.com\/#website","url":"https:\/\/blackmusicfestival.com\/","name":"Black Music Festival","description":"El Festival de M\u00fasica Negra de Catalunya","potentialAction":[{"@type":"SearchAction","target":{"@type":"EntryPoint","urlTemplate":"https:\/\/blackmusicfestival.com\/?s={search_term_string}"},"query-input":{"@type":"PropertyValueSpecification","valueRequired":true,"valueName":"search_term_string"}}],"inLanguage":"en-GB"}]}},"_links":{"self":[{"href":"https:\/\/blackmusicfestival.com\/en\/wp-json\/wp\/v2\/pages\/2503","targetHints":{"allow":["GET"]}}],"collection":[{"href":"https:\/\/blackmusicfestival.com\/en\/wp-json\/wp\/v2\/pages"}],"about":[{"href":"https:\/\/blackmusicfestival.com\/en\/wp-json\/wp\/v2\/types\/page"}],"author":[{"embeddable":true,"href":"https:\/\/blackmusicfestival.com\/en\/wp-json\/wp\/v2\/users\/3"}],"replies":[{"embeddable":true,"href":"https:\/\/blackmusicfestival.com\/en\/wp-json\/wp\/v2\/comments?post=2503"}],"version-history":[{"count":2,"href":"https:\/\/blackmusicfestival.com\/en\/wp-json\/wp\/v2\/pages\/2503\/revisions"}],"predecessor-version":[{"id":2505,"href":"https:\/\/blackmusicfestival.com\/en\/wp-json\/wp\/v2\/pages\/2503\/revisions\/2505"}],"wp:attachment":[{"href":"https:\/\/blackmusicfestival.com\/en\/wp-json\/wp\/v2\/media?parent=2503"}],"curies":[{"name":"wp","href":"https:\/\/api.w.org\/{rel}","templated":true}]}}