{"id":2500,"date":"2025-02-14T13:10:32","date_gmt":"2025-02-14T11:10:32","guid":{"rendered":"https:\/\/blackmusicfestival.com\/el-club\/"},"modified":"2025-02-14T14:20:59","modified_gmt":"2025-02-14T12:20:59","slug":"el-club","status":"publish","type":"page","link":"https:\/\/blackmusicfestival.com\/es\/el-club\/","title":{"rendered":"El Club"},"content":{"rendered":"<p>[et_pb_section fb_built=\u00bb1&#8243; _builder_version=\u00bb4.27.4&#8243; _module_preset=\u00bbdefault\u00bb background_image=\u00bbhttps:\/\/blackmusicfestival.com\/wp-content\/uploads\/2023\/10\/gramophone-all-tars-2018.png\u00bb background_position=\u00bbbottom_center\u00bb min_height=\u00bb50vh\u00bb global_colors_info=\u00bb{}\u00bb][et_pb_row _builder_version=\u00bb4.27.4&#8243; _module_preset=\u00bbdefault\u00bb global_colors_info=\u00bb{}\u00bb][et_pb_column type=\u00bb4_4&#8243; _builder_version=\u00bb4.22.2&#8243; _module_preset=\u00bbdefault\u00bb global_colors_info=\u00bb{}\u00bb][et_pb_text _builder_version=\u00bb4.23&#8243; _module_preset=\u00bbdefault\u00bb text_font=\u00bb|700|||||||\u00bb text_text_color=\u00bb#FFFFFF\u00bb text_font_size=\u00bb70px\u00bb header_font=\u00bb|700|||||||\u00bb header_text_color=\u00bb#FFFFFF\u00bb header_font_size=\u00bb70px\u00bb text_orientation=\u00bbcenter\u00bb custom_margin=\u00bb14vh||||false|false\u00bb text_text_shadow_style=\u00bbpreset5&#8243; text_text_shadow_color=\u00bbrgba(0,0,0,0.7)\u00bb global_colors_info=\u00bb{}\u00bb]<\/p>\n<h1>EL CLUB<\/h1>\n<p>[\/et_pb_text][\/et_pb_column][\/et_pb_row][\/et_pb_section][et_pb_section fb_built=\u00bb1&#8243; _builder_version=\u00bb4.22.2&#8243; _module_preset=\u00bbdefault\u00bb global_colors_info=\u00bb{}\u00bb][et_pb_row column_structure=\u00bb1_2,1_2&#8243; _builder_version=\u00bb4.22.2&#8243; _module_preset=\u00bbdefault\u00bb global_colors_info=\u00bb{}\u00bb custom_padding=\u00bb||77px|||\u00bb][et_pb_column type=\u00bb1_2&#8243; _builder_version=\u00bb4.22.2&#8243; _module_preset=\u00bbdefault\u00bb global_colors_info=\u00bb{}\u00bb][et_pb_text _builder_version=\u00bb4.23.1&#8243; _module_preset=\u00bbdefault\u00bb animation_style=\u00bbslide\u00bb animation_direction=\u00bbleft\u00bb hover_transition_speed_curve=\u00bbease-in-out\u00bb global_colors_info=\u00bb{}\u00bb]<\/p>\n<div id=\"sppb-addon-1522757167727\" class=\"clearfix\">\n<div class=\"sppb-addon sppb-addon-text-block 0  \">\n<div class=\"sppb-addon-content\">\n<div>\n<p><span>Un club pensat per als amants de la m\u00fasica que vulguin viure el Black Music Festival i altres esdeveniments musicals afins d\u2019una manera \u00fanica i propera.<\/span><\/p>\n<p>Ser membre \u00e9s totalment gratu\u00eft!<br \/>Un cop inscrit, estar\u00e0s al dia de tota la programaci\u00f3 del Black Music Festival i d\u2019altres concerts i esdeveniments musicals de qualitat. \u00a0Volem que no et perdis \u00a0cap cita important!<\/p>\n<p>Gaudeix d\u2019avantatges exclusius:<br \/>* Participa en experi\u00e8ncies \u00faniques, com trobades amb artistes, concerts \u00edntims i activitats especials reservades nom\u00e9s per als membres.<br \/>* Descomptes i promocions en entrades i productes relacionats amb el festival.<br \/>* Acc\u00e9s prioritari a esdeveniments i activitats seleccionades.<\/p>\n<p>Sigues part activa del festival!<br \/>Els membres del Black Music Club tenen l\u2019oportunitat de fer sentir la seva veu a l\u2019hora de pensar programacions i activitats del festival. Forma part del proc\u00e9s creatiu i ajuda\u2019ns a fer que cada edici\u00f3 sigui m\u00e9s memorable!<\/p>\n<p>Uneix-te ara i descobreix una nova manera de viure la m\u00fasica.<\/p>\n<p>&nbsp;<\/p>\n<\/div>\n<div><span><strong>Inscriu-te al Black Music Club i connecta\u2019t amb una comunitat apassionada per la m\u00fasica, plena de moments inoblidables.<\/strong><\/span><\/div>\n<p>&nbsp;<\/p>\n<\/div>\n<\/div>\n<\/div>\n<p>[\/et_pb_text][et_pb_button button_text=\u00bbQuiero ser miembro del BMF Club\u00bb _builder_version=\u00bb4.27.4&#8243; _module_preset=\u00bbdefault\u00bb button_url=\u00bbhttp:\/\/eepurl.com\/dfPM7P\u00bb custom_button=\u00bbon\u00bb button_text_color=\u00bb#000000&#8243; hover_enabled=\u00bb0&#8243; sticky_enabled=\u00bb0&#8243;][\/et_pb_button][\/et_pb_column][et_pb_column type=\u00bb1_2&#8243; _builder_version=\u00bb4.22.2&#8243; _module_preset=\u00bbdefault\u00bb global_colors_info=\u00bb{}\u00bb][et_pb_text _builder_version=\u00bb4.23.1&#8243; _module_preset=\u00bbdefault\u00bb custom_padding=\u00bb||0px|||\u00bb animation_style=\u00bbslide\u00bb animation_direction=\u00bbright\u00bb global_colors_info=\u00bb{}\u00bb]<\/p>\n<h3><\/h3>\n<p>[\/et_pb_text][et_pb_text _builder_version=\u00bb4.27.4&#8243; _module_preset=\u00bbdefault\u00bb animation_style=\u00bbslide\u00bb animation_direction=\u00bbleft\u00bb hover_transition_speed_curve=\u00bbease-in-out\u00bb global_colors_info=\u00bb{}\u00bb]<\/p>\n<div id=\"sppb-addon-1522757167727\" class=\"clearfix\">\n<div class=\"sppb-addon sppb-addon-text-block 0  \">\n<div class=\"sppb-addon-content\">\n<div>\n<p><span><img loading=\"lazy\" decoding=\"async\" src=\"https:\/\/blackmusicfestival.com\/wp-content\/uploads\/2025\/02\/LOGO-BM-CLUB-Formulari2-300x198.png\" width=\"300\" height=\"198\" alt=\"\" class=\"wp-image-2483 alignnone size-medium\" style=\"display: block; margin-left: auto; margin-right: auto;\" srcset=\"https:\/\/blackmusicfestival.com\/wp-content\/uploads\/2025\/02\/LOGO-BM-CLUB-Formulari2-300x198.png 300w, https:\/\/blackmusicfestival.com\/wp-content\/uploads\/2025\/02\/LOGO-BM-CLUB-Formulari2.png 400w\" sizes=\"(max-width: 300px) 100vw, 300px\" \/><\/span><span><strong><\/strong><\/span><\/p>\n<\/div>\n<p>&nbsp;<\/p>\n<\/div>\n<\/div>\n<\/div>\n<p>[\/et_pb_text][\/et_pb_column][\/et_pb_row][\/et_pb_section][et_pb_section fb_built=\u00bb1&#8243; _builder_version=\u00bb4.23.1&#8243; _module_preset=\u00bbdefault\u00bb custom_padding=\u00bb0px||0px|||\u00bb global_colors_info=\u00bb{}\u00bb][et_pb_row column_structure=\u00bb1_6,1_6,1_6,1_6,1_6,1_6&#8243; use_custom_gutter=\u00bbon\u00bb gutter_width=\u00bb1&#8243; make_equal=\u00bbon\u00bb _builder_version=\u00bb4.23.1&#8243; _module_preset=\u00bbdefault\u00bb width=\u00bb100%\u00bb max_width=\u00bb2560px\u00bb height=\u00bb16.5vw\u00bb custom_padding=\u00bb0px||0px|||\u00bb global_colors_info=\u00bb{}\u00bb][et_pb_column type=\u00bb1_6&#8243; _builder_version=\u00bb4.23.1&#8243; _module_preset=\u00bbdefault\u00bb background_image=\u00bbhttps:\/\/blackmusicfestival.com\/wp-content\/uploads\/2023\/11\/muddy-waters1.png\u00bb global_colors_info=\u00bb{}\u00bb][\/et_pb_column][et_pb_column type=\u00bb1_6&#8243; _builder_version=\u00bb4.23.1&#8243; _module_preset=\u00bbdefault\u00bb background_image=\u00bbhttps:\/\/blackmusicfestival.com\/wp-content\/uploads\/2023\/11\/amy.jpg\u00bb global_colors_info=\u00bb{}\u00bb][\/et_pb_column][et_pb_column type=\u00bb1_6&#8243; _builder_version=\u00bb4.23.1&#8243; _module_preset=\u00bbdefault\u00bb background_image=\u00bbhttps:\/\/blackmusicfestival.com\/wp-content\/uploads\/2023\/11\/DeeDee_web.jpeg\u00bb global_colors_info=\u00bb{}\u00bb][\/et_pb_column][et_pb_column type=\u00bb1_6&#8243; _builder_version=\u00bb4.23.1&#8243; _module_preset=\u00bbdefault\u00bb background_image=\u00bbhttps:\/\/blackmusicfestival.com\/wp-content\/uploads\/2023\/11\/ayax-y-prok1.jpg\u00bb global_colors_info=\u00bb{}\u00bb][\/et_pb_column][et_pb_column type=\u00bb1_6&#8243; _builder_version=\u00bb4.23.1&#8243; _module_preset=\u00bbdefault\u00bb background_image=\u00bbhttps:\/\/blackmusicfestival.com\/wp-content\/uploads\/2023\/11\/beyonce1.jpg\u00bb global_colors_info=\u00bb{}\u00bb][\/et_pb_column][et_pb_column type=\u00bb1_6&#8243; _builder_version=\u00bb4.23.1&#8243; _module_preset=\u00bbdefault\u00bb background_image=\u00bbhttps:\/\/blackmusicfestival.com\/wp-content\/uploads\/2023\/11\/aretha1.png\u00bb global_colors_info=\u00bb{}\u00bb][\/et_pb_column][\/et_pb_row][\/et_pb_section][et_pb_section fb_built=\u00bb1&#8243; _builder_version=\u00bb4.23.1&#8243; _module_preset=\u00bbdefault\u00bb global_colors_info=\u00bb{}\u00bb][\/et_pb_section]<\/p>\n","protected":false},"excerpt":{"rendered":"<p>EL CLUB Un club pensat per als amants de la m\u00fasica que vulguin viure el Black Music Festival i altres esdeveniments musicals afins d\u2019una manera \u00fanica i propera. Ser membre [&hellip;]<\/p>\n","protected":false},"author":3,"featured_media":0,"parent":0,"menu_order":0,"comment_status":"closed","ping_status":"closed","template":"","meta":{"_et_pb_use_builder":"on","_et_pb_old_content":"","_et_gb_content_width":"","footnotes":""},"class_list":["post-2500","page","type-page","status-publish","hentry"],"yoast_head":"<!-- This site is optimized with the Yoast SEO plugin v26.3 - https:\/\/yoast.com\/wordpress\/plugins\/seo\/ -->\n<title>El Club - Black Music Festival<\/title>\n<meta name=\"robots\" content=\"index, follow, max-snippet:-1, max-image-preview:large, max-video-preview:-1\" \/>\n<link rel=\"canonical\" href=\"https:\/\/blackmusicfestival.com\/bmfclub\/\" \/>\n<meta property=\"og:locale\" content=\"es_ES\" \/>\n<meta property=\"og:type\" content=\"article\" \/>\n<meta property=\"og:title\" content=\"El Club - Black Music Festival\" \/>\n<meta property=\"og:description\" content=\"EL CLUB Un club pensat per als amants de la m\u00fasica que vulguin viure el Black Music Festival i altres esdeveniments musicals afins d\u2019una manera \u00fanica i propera. Ser membre [&hellip;]\" \/>\n<meta property=\"og:url\" content=\"https:\/\/blackmusicfestival.com\/bmfclub\/\" \/>\n<meta property=\"og:site_name\" content=\"Black Music Festival\" \/>\n<meta property=\"article:modified_time\" content=\"2025-02-14T12:20:59+00:00\" \/>\n<meta property=\"og:image\" content=\"https:\/\/blackmusicfestival.com\/wp-content\/uploads\/2025\/02\/LOGO-BM-CLUB-Formulari2-300x198.png\" \/>\n<meta name=\"twitter:card\" content=\"summary_large_image\" \/>\n<meta name=\"twitter:label1\" content=\"Tiempo de lectura\" \/>\n\t<meta name=\"twitter:data1\" content=\"3 minutos\" \/>\n<script type=\"application\/ld+json\" class=\"yoast-schema-graph\">{\"@context\":\"https:\/\/schema.org\",\"@graph\":[{\"@type\":\"WebPage\",\"@id\":\"https:\/\/blackmusicfestival.com\/bmfclub\/\",\"url\":\"https:\/\/blackmusicfestival.com\/bmfclub\/\",\"name\":\"El Club - Black Music Festival\",\"isPartOf\":{\"@id\":\"https:\/\/blackmusicfestival.com\/#website\"},\"primaryImageOfPage\":{\"@id\":\"https:\/\/blackmusicfestival.com\/bmfclub\/#primaryimage\"},\"image\":{\"@id\":\"https:\/\/blackmusicfestival.com\/bmfclub\/#primaryimage\"},\"thumbnailUrl\":\"https:\/\/blackmusicfestival.com\/wp-content\/uploads\/2025\/02\/LOGO-BM-CLUB-Formulari2-300x198.png\",\"datePublished\":\"2025-02-14T11:10:32+00:00\",\"dateModified\":\"2025-02-14T12:20:59+00:00\",\"breadcrumb\":{\"@id\":\"https:\/\/blackmusicfestival.com\/bmfclub\/#breadcrumb\"},\"inLanguage\":\"es\",\"potentialAction\":[{\"@type\":\"ReadAction\",\"target\":[\"https:\/\/blackmusicfestival.com\/bmfclub\/\"]}]},{\"@type\":\"ImageObject\",\"inLanguage\":\"es\",\"@id\":\"https:\/\/blackmusicfestival.com\/bmfclub\/#primaryimage\",\"url\":\"https:\/\/blackmusicfestival.com\/wp-content\/uploads\/2025\/02\/LOGO-BM-CLUB-Formulari2-300x198.png\",\"contentUrl\":\"https:\/\/blackmusicfestival.com\/wp-content\/uploads\/2025\/02\/LOGO-BM-CLUB-Formulari2-300x198.png\"},{\"@type\":\"BreadcrumbList\",\"@id\":\"https:\/\/blackmusicfestival.com\/bmfclub\/#breadcrumb\",\"itemListElement\":[{\"@type\":\"ListItem\",\"position\":1,\"name\":\"Inici\",\"item\":\"https:\/\/blackmusicfestival.com\/\"},{\"@type\":\"ListItem\",\"position\":2,\"name\":\"El Club\"}]},{\"@type\":\"WebSite\",\"@id\":\"https:\/\/blackmusicfestival.com\/#website\",\"url\":\"https:\/\/blackmusicfestival.com\/\",\"name\":\"Black Music Festival\",\"description\":\"El Festival de M\u00fasica Negra de Catalunya\",\"potentialAction\":[{\"@type\":\"SearchAction\",\"target\":{\"@type\":\"EntryPoint\",\"urlTemplate\":\"https:\/\/blackmusicfestival.com\/?s={search_term_string}\"},\"query-input\":{\"@type\":\"PropertyValueSpecification\",\"valueRequired\":true,\"valueName\":\"search_term_string\"}}],\"inLanguage\":\"es\"}]}<\/script>\n<!-- \/ Yoast SEO plugin. -->","yoast_head_json":{"title":"El Club - Black Music Festival","robots":{"index":"index","follow":"follow","max-snippet":"max-snippet:-1","max-image-preview":"max-image-preview:large","max-video-preview":"max-video-preview:-1"},"canonical":"https:\/\/blackmusicfestival.com\/bmfclub\/","og_locale":"es_ES","og_type":"article","og_title":"El Club - Black Music Festival","og_description":"EL CLUB Un club pensat per als amants de la m\u00fasica que vulguin viure el Black Music Festival i altres esdeveniments musicals afins d\u2019una manera \u00fanica i propera. Ser membre [&hellip;]","og_url":"https:\/\/blackmusicfestival.com\/bmfclub\/","og_site_name":"Black Music Festival","article_modified_time":"2025-02-14T12:20:59+00:00","og_image":[{"url":"https:\/\/blackmusicfestival.com\/wp-content\/uploads\/2025\/02\/LOGO-BM-CLUB-Formulari2-300x198.png","type":"","width":"","height":""}],"twitter_card":"summary_large_image","twitter_misc":{"Tiempo de lectura":"3 minutos"},"schema":{"@context":"https:\/\/schema.org","@graph":[{"@type":"WebPage","@id":"https:\/\/blackmusicfestival.com\/bmfclub\/","url":"https:\/\/blackmusicfestival.com\/bmfclub\/","name":"El Club - Black Music Festival","isPartOf":{"@id":"https:\/\/blackmusicfestival.com\/#website"},"primaryImageOfPage":{"@id":"https:\/\/blackmusicfestival.com\/bmfclub\/#primaryimage"},"image":{"@id":"https:\/\/blackmusicfestival.com\/bmfclub\/#primaryimage"},"thumbnailUrl":"https:\/\/blackmusicfestival.com\/wp-content\/uploads\/2025\/02\/LOGO-BM-CLUB-Formulari2-300x198.png","datePublished":"2025-02-14T11:10:32+00:00","dateModified":"2025-02-14T12:20:59+00:00","breadcrumb":{"@id":"https:\/\/blackmusicfestival.com\/bmfclub\/#breadcrumb"},"inLanguage":"es","potentialAction":[{"@type":"ReadAction","target":["https:\/\/blackmusicfestival.com\/bmfclub\/"]}]},{"@type":"ImageObject","inLanguage":"es","@id":"https:\/\/blackmusicfestival.com\/bmfclub\/#primaryimage","url":"https:\/\/blackmusicfestival.com\/wp-content\/uploads\/2025\/02\/LOGO-BM-CLUB-Formulari2-300x198.png","contentUrl":"https:\/\/blackmusicfestival.com\/wp-content\/uploads\/2025\/02\/LOGO-BM-CLUB-Formulari2-300x198.png"},{"@type":"BreadcrumbList","@id":"https:\/\/blackmusicfestival.com\/bmfclub\/#breadcrumb","itemListElement":[{"@type":"ListItem","position":1,"name":"Inici","item":"https:\/\/blackmusicfestival.com\/"},{"@type":"ListItem","position":2,"name":"El Club"}]},{"@type":"WebSite","@id":"https:\/\/blackmusicfestival.com\/#website","url":"https:\/\/blackmusicfestival.com\/","name":"Black Music Festival","description":"El Festival de M\u00fasica Negra de Catalunya","potentialAction":[{"@type":"SearchAction","target":{"@type":"EntryPoint","urlTemplate":"https:\/\/blackmusicfestival.com\/?s={search_term_string}"},"query-input":{"@type":"PropertyValueSpecification","valueRequired":true,"valueName":"search_term_string"}}],"inLanguage":"es"}]}},"_links":{"self":[{"href":"https:\/\/blackmusicfestival.com\/es\/wp-json\/wp\/v2\/pages\/2500","targetHints":{"allow":["GET"]}}],"collection":[{"href":"https:\/\/blackmusicfestival.com\/es\/wp-json\/wp\/v2\/pages"}],"about":[{"href":"https:\/\/blackmusicfestival.com\/es\/wp-json\/wp\/v2\/types\/page"}],"author":[{"embeddable":true,"href":"https:\/\/blackmusicfestival.com\/es\/wp-json\/wp\/v2\/users\/3"}],"replies":[{"embeddable":true,"href":"https:\/\/blackmusicfestival.com\/es\/wp-json\/wp\/v2\/comments?post=2500"}],"version-history":[{"count":2,"href":"https:\/\/blackmusicfestival.com\/es\/wp-json\/wp\/v2\/pages\/2500\/revisions"}],"predecessor-version":[{"id":2502,"href":"https:\/\/blackmusicfestival.com\/es\/wp-json\/wp\/v2\/pages\/2500\/revisions\/2502"}],"wp:attachment":[{"href":"https:\/\/blackmusicfestival.com\/es\/wp-json\/wp\/v2\/media?parent=2500"}],"curies":[{"name":"wp","href":"https:\/\/api.w.org\/{rel}","templated":true}]}}