{"id":988,"date":"2023-09-26T12:57:14","date_gmt":"2023-09-26T10:57:14","guid":{"rendered":"https:\/\/blackmusicfestival.com\/politica-de-privadesa\/"},"modified":"2023-11-24T21:51:14","modified_gmt":"2023-11-24T19:51:14","slug":"politica-de-privadesa","status":"publish","type":"page","link":"https:\/\/blackmusicfestival.com\/es\/politica-de-privadesa\/","title":{"rendered":"Pol\u00edtica de privacidad"},"content":{"rendered":"<p>[et_pb_section fb_built=\u00bb1&#8243; _builder_version=\u00bb4.16&#8243; global_colors_info=\u00bb{}\u00bb][et_pb_row _builder_version=\u00bb4.16&#8243; background_size=\u00bbinitial\u00bb background_position=\u00bbtop_left\u00bb background_repeat=\u00bbrepeat\u00bb global_colors_info=\u00bb{}\u00bb][et_pb_column type=\u00bb4_4&#8243; _builder_version=\u00bb4.16&#8243; custom_padding=\u00bb|||\u00bb global_colors_info=\u00bb{}\u00bb custom_padding__hover=\u00bb|||\u00bb][et_pb_text _builder_version=\u00bb4.23.1&#8243; background_size=\u00bbinitial\u00bb background_position=\u00bbtop_left\u00bb background_repeat=\u00bbrepeat\u00bb hover_enabled=\u00bb0&#8243; global_colors_info=\u00bb{}\u00bb sticky_enabled=\u00bb0&#8243;]<\/p>\n<p><!-- divi:paragraph -->Visitar <strong>blackmusicfestival.com<\/strong> no supone que el usuario est\u00e9 obligado a facilitar ning\u00fan tipo de informaci\u00f3n de s\u00ed mismo. En ning\u00fan caso esta web recoge datos de m\u00e9todos de pago ni cuentas bancarias de ning\u00fan tipo.<\/p>\n<p>Los datos que se requieren ser\u00e1n los estrictamente necesarios, adecuados y pertinentes para la finalidad por la que se recogen y ser\u00e1n sometidos a un tratamiento automatizado. Los archivos est\u00e1n pensados para gestionar las peticiones formuladas y responderlas. <\/p>\n<p>Se podr\u00e1n atender las solicitudes respecto al ejercicio del derecho de cancelaci\u00f3n de datos de identificaci\u00f3n de los usuarios mientras \u00e9stos ya no deseen mantener su relaci\u00f3n con gironacappella.cat. Los usuarios pueden oponerse al tratamiento de sus datos respecto a la recepci\u00f3n de informaci\u00f3n publicitaria de nuestros productos y servicios, d\u00e1ndose de baja desde los propios boletines informativos, siempre que lo desee. Tambi\u00e9n tienen a su disposici\u00f3n la posibilidad de modificar o borrar personalmente sus datos o incluso eliminar completamente su perfil, iniciando sesi\u00f3n en su cuenta, siguiendo la<strong> normativa Europea GDPR o RGPD<\/strong> (Reglamento General de Protecci\u00f3n de Datos).  <\/p>\n<p>En caso de que el usuario facilite datos de contacto personales de terceras personas, se compromete a comunicar a los titulares de estos datos la presente cl\u00e1usula ya informarles, previamente de esta comunicaci\u00f3n, de todos los aspectos que se recogen en ellos, en especial la existencia del fichero, las finalidades del tratamiento y la posibilidad de ejercicio de derechos. Se proh\u00edbe expresamente que los menores de edad faciliten datos personales sin el previo consentimiento de los padres o tutores. En caso de ser menor de edad y no tener su consentimiento, no facilite datos personales.  <\/p>\n<p>Mientras no nos comunique lo contrario, entendemos que sus datos no han sido modificados, y que se compromete a notificarnos cualquier cambio y entendemos que tenemos su consentimiento para utilizarlos con el fin de poder fidelizar la relaci\u00f3n entre ambas partes.<\/p>\n<p>MULTI-ART PRODUCCIONS SL garantiza la confidencialidad de los datos personales que se facilitan a trav\u00e9s de las p\u00e1ginas de esta web en los t\u00e9rminos establecidos por el <strong>REGLAMENTO (UE) 2016\/679 DEL PARLAMENTO EUROPEO Y DEL CONSEJO<\/strong> , de 27 de abril de 2016, relativo a la protecci\u00f3n de las personas f\u00edsicas en lo que se refiere al tratamiento de datos personales ya la libre circulaci\u00f3n de estos datos y por el que se deroga la Directiva 95\/46\/CE, y al cumplirla , garantiza el derecho de acceso, rectificaci\u00f3n y cancelaci\u00f3n mediante el inicio de sesi\u00f3n en su cuenta, correo electr\u00f3nico (<a href=\"mailto:info@blackmusicfestival.com\">info@blackmusicfestival.com<\/a>) o por comunicado postal a MULTI-ART PRODUCCIONS SL a c\/ Amnistia Internacional s\/n 17190 SALT.<\/p>\n<p><strong>Informaci\u00f3n adicional (general) <\/strong><\/p>\n<table width=\"1170\">\n<tbody>\n<tr>\n<td><strong>Ep\u00edgrafe<\/strong><\/td>\n<td><strong> <\/strong><\/td>\n<td><strong>Informaci\u00f3n b\u00e1sica<\/strong><\/td>\n<td><strong> <\/strong><\/td>\n<td><strong>Informaci\u00f3n adicional<\/strong><\/td>\n<\/tr>\n<tr>\n<td><strong>Responsable del tratamiento<\/strong><\/td>\n<td> <\/td>\n<td>\n<p><strong>Identidad del responsable del tratamiento:<\/strong><\/p>\n<p>MULTI-ART PRODUCCIONS SL<\/p>\n<p>NIF: ES- B17704024<\/p>\n<\/td>\n<td> <\/td>\n<td>\n<p><strong>Datos de contacto del responsable:<\/strong><\/p>\n<p>MULTI-ART PRODUCCIONS SL<\/p>\n<p>c\/ Amnistia Internacional s\/n 17190 SALT<\/p>\n<p><span><span id=\"cloakdee7590f98875dbc9ad35090d7bfbe58\"><a href=\"mailto:info@blackmusicfestival.com\">info@blackmusicfestival.com<\/a><\/span><\/span><\/p>\n<p>&nbsp;<\/p>\n<p>&nbsp;<\/p>\n<\/td>\n<\/tr>\n<tr>\n<td rowspan=\"2\"><strong>Finalidad del tratamiento<\/strong><\/td>\n<td rowspan=\"2\"> <\/td>\n<td rowspan=\"2\">\n<p>Los datos que se requieren ser\u00e1n los estrictamente necesarios, adecuados y pertinentes para la finalidad por la que se recogen.<\/p>\n<p>&nbsp;<\/p>\n<\/td>\n<td rowspan=\"2\"> <\/td>\n<td>\n<p><strong>Descripci\u00f3n ampliada de las finalidades del tratamiento:<\/strong><\/p>\n<p>\u2022 Datos de env\u00edo: ser\u00e1n recogidos con el fin de poder entregar los pedidos.<\/p>\n<p>\u2022 Datos de facturaci\u00f3n: ser\u00e1n recogidos con el fin de poder elaborar la factura de la compra correspondiente.<\/p>\n<p>\u2022 Correos electr\u00f3nicos: ser\u00e1n recogidos con el fin de informar de las actividades derivadas de la empresa, tales como: conciertos, giras, festivales, producciones, lanzamientos de discos, informaci\u00f3n de artistas, promociones y comunicaciones en general.<\/p>\n<\/td>\n<\/tr>\n<tr>\n<td>\n<p><strong>Plazo de conservaci\u00f3n de los datos:<\/strong><\/p>\n<p>La previsi\u00f3n legal que obliga a conservarlas por razones fiscales y contables, y conservarlas para tenerlas a disposici\u00f3n de una entidad p\u00fablica competente. Sin embargo, podr\u00e1n conservarse m\u00e1s tiempo con fines de archivo hist\u00f3rico o estad\u00edstico, salvo que se ejerza oposici\u00f3n y\/o cancelaci\u00f3n.<\/p>\n<p>Los datos de correos electr\u00f3nicos con fines informativos ser\u00e1n conservados indefinidamente hasta su modificaci\u00f3n, eliminaci\u00f3n, oposici\u00f3n y\/o cancelaci\u00f3n por parte del usuario.<\/p>\n<\/td>\n<\/tr>\n<tr>\n<td rowspan=\"2\"><strong>Legitimaci\u00f3n<\/strong><\/td>\n<td rowspan=\"2\"> <\/td>\n<td rowspan=\"2\"><strong>REGLAMENTO (UE) 2016\/679 DEL PARLAMENTO EUROPEO Y DEL CONSEJO<\/strong>, de 27 de abril de 2016, relativo a la protecci\u00f3n de las personas f\u00edsicas en lo que se refiere al tratamiento de datos personales ya la libre circulaci\u00f3n de estos datos y por el que se deroga la Directiva 95\/46\/CE<\/td>\n<td rowspan=\"2\"> <\/td>\n<td>El usuario tiene la posibilidad de modificar, borrar y cancelar sus datos, de forma personal desde su propio perfil de usuario, as\u00ed como pedir informaci\u00f3n, modificaci\u00f3n y\/o cancelaci\u00f3n previa solicitud a los datos de contacto del responsable.<\/td>\n<\/tr>\n<tr>\n<td>El usuario tiene a su disposici\u00f3n en su perfil personal, en recabar informaci\u00f3n de la aplicaci\u00f3n de la normativa Europea GDPR o RGPD (Reglamento General de Protecci\u00f3n de Datos) mediante un formulario de contacto interno y privado en dicha \u00e1rea personal.<\/td>\n<\/tr>\n<tr>\n<td rowspan=\"5\"><strong>Destinatarios<\/strong><\/td>\n<td rowspan=\"5\"> <\/td>\n<td rowspan=\"5\">\n<p>Los datos tratados se compartir\u00e1n \u00fanicamente con los distintos departamentos de la misma empresa, as\u00ed como en sus propias marcas y\/o festivales.<\/p>\n<p>No est\u00e1 prevista en ning\u00fan momento la cesi\u00f3n de datos a ninguna otra empresa de \u00e1mbito nacional, ni internacional.<\/p>\n<\/td>\n<td rowspan=\"5\"> <\/td>\n<td>\n<p><strong>Destinatario de la cesi\u00f3n:<\/strong><\/p>\n<p>No se prev\u00e9n cesiones a terceros, \u00fanicamente de forma interna entre las propias actividades de la empresa:<\/p>\n<p>MULTI-ART PRODUCCIONS SL<\/p>\n<p>Black Music Festival<\/p>\n<p>La Mirona<\/p>\n<p>&nbsp;<\/p>\n<\/td>\n<\/tr>\n<tr>\n<td>\n<p><strong>Finalidad de la cessi\u00f3n:<\/strong><\/p>\n<p>La cesi\u00f3n entre actividades propias tiene la finalidad de informar de las diversas acciones, actividades, conciertos, producciones, discos, y\/o artistas, de forma informativa.<\/p>\n<\/td>\n<\/tr>\n<tr>\n<td>\n<p><strong>Movimientos internacionales de datos:<\/strong><\/p>\n<p>No se producen<\/p>\n<\/td>\n<\/tr>\n<tr>\n<td>\n<p><strong>Transferencia internacional:<\/strong><\/p>\n<p>No se producen.<\/p>\n<\/td>\n<\/tr>\n<tr>\n<td>\n<p><strong>Encargados del tratamiento:<\/strong><\/p>\n<p>Los datos son de responsabilidad \u00fanica de MULTI-ART PRODUCCIONS SL y podr\u00e1n ser tratados con proveedores externos de tratamiento de bases de datos, y de env\u00edos masivos de boletines y\/o comunicados electr\u00f3nicos.<\/p>\n<\/td>\n<\/tr>\n<tr>\n<td><strong>Derechos de las personas interesadas<\/strong><\/td>\n<td> <\/td>\n<td>\n<p>Tiene derecho a que le confirmemos si estamos tratando datos suyos.<\/p>\n<p>Derecho a acceder a sus datos, rectificarlos si son inexactos o suprimirlos particularmente si ya no es necesario tratarlos.<\/p>\n<p>En determinados casos podr\u00e1 solicitar la limitaci\u00f3n del tratamiento, en cuyo caso las utilizaremos \u00fanicamente para el ejercicio o defensa de reclamaciones.<\/p>\n<p>En determinados casos podr\u00e1 oponerse a que tratemos sus datos y dejaremos de tratarlos, salvo que motivos leg\u00edtimos imperiosos o el ejercicio o defensa de posibles reclamaciones.<\/p>\n<p>Derecho a revocar su consentimiento.<\/p>\n<\/td>\n<td> <\/td>\n<td>\n<p><strong>Manera de ejercer los derechos:<\/strong><\/p>\n<p><strong>AUTOMATIZADA Y PERSONAL:<\/strong><\/p>\n<p>\u2022 A trav\u00e9s del acceso al apartado personal y privado de cada usuario, iniciando cesi\u00f3n, con la posibilidad de modificar y\/o borrar sus datos de forma individual, personal y directa.<\/p>\n<p>\u2022 A trav\u00e9s de la solicitud mediante el formulario de informaci\u00f3n GDPR que encontrar\u00e1 el usuario dentro de su perfil personal.<\/p>\n<p>Bajo este supuesto la identificaci\u00f3n de la persona interesada ser\u00e1 con su usuario y contrase\u00f1a, con la que es la \u00fanica forma de acceder a esta parte privada de su apartado personal.<\/p>\n<p><strong>A TRAV\u00c9S DE PREVIA SOLICITUD:<\/strong><\/p>\n<p>\u2022 Enviando un correo electr\u00f3nico a<span> <\/span><span id=\"cloak68e3032295c5d267af4839ecd4bd0c9b\"><a href=\"mailto:info@blackmusicfestival.com\">info@blackmusicfestival.com<\/a><\/span><\/p>\n<p>Enviando una carta a trav\u00e9s del correo postal a MULTI-ART PRODUCCIONS SL<\/p>\n<p>c\/ Amnistia Internacional s\/n 17190 SALT<\/p>\n<p>Deber\u00e1 especificar cu\u00e1l de estos derechos solicita que sea satisfecho y, a su vez, deber\u00e1 acompa\u00f1arse de la fotocopia del DNI o documento identificativo equivalente.<\/p>\n<p>En caso de que actuara mediante representante, legal o voluntario, deber\u00e1 aportar tambi\u00e9n un documento que acredite la representaci\u00f3n y documento identificativo del mismo.<\/p>\n<p>Si desea disponer de un modelo para ello podr\u00e1 utilizar un modelo oficial de la Agencia<\/p>\n<p>http:\/\/www.agpd.es\/portalwebagpd\/canaldelciudadano\/derechos\/index-ides-idphp.php<\/p>\n<\/td>\n<\/tr>\n<\/tbody>\n<\/table>\n<p>&nbsp;<\/p>\n<p><!-- \/divi:paragraph --><\/p>\n<p>[\/et_pb_text][\/et_pb_column][\/et_pb_row][\/et_pb_section]<\/p>\n","protected":false},"excerpt":{"rendered":"<p>Visitar blackmusicfestival.com no supone que el usuario est\u00e9 obligado a facilitar ning\u00fan tipo de informaci\u00f3n de s\u00ed mismo. En ning\u00fan caso esta web recoge datos de m\u00e9todos de pago ni [&hellip;]<\/p>\n","protected":false},"author":1,"featured_media":0,"parent":0,"menu_order":0,"comment_status":"closed","ping_status":"open","template":"","meta":{"_et_pb_use_builder":"on","_et_pb_old_content":"","_et_gb_content_width":"","footnotes":""},"class_list":["post-988","page","type-page","status-publish","hentry"],"yoast_head":"<!-- This site is optimized with the Yoast SEO plugin v26.3 - https:\/\/yoast.com\/wordpress\/plugins\/seo\/ -->\n<title>Pol\u00edtica de privacidad - Black Music Festival<\/title>\n<meta name=\"robots\" content=\"index, follow, max-snippet:-1, max-image-preview:large, max-video-preview:-1\" \/>\n<link rel=\"canonical\" href=\"https:\/\/blackmusicfestival.com\/politica-de-privadesa\/\" \/>\n<meta property=\"og:locale\" content=\"es_ES\" \/>\n<meta property=\"og:type\" content=\"article\" \/>\n<meta property=\"og:title\" content=\"Pol\u00edtica de privacidad - Black Music Festival\" \/>\n<meta property=\"og:description\" content=\"Visitar blackmusicfestival.com no supone que el usuario est\u00e9 obligado a facilitar ning\u00fan tipo de informaci\u00f3n de s\u00ed mismo. En ning\u00fan caso esta web recoge datos de m\u00e9todos de pago ni [&hellip;]\" \/>\n<meta property=\"og:url\" content=\"https:\/\/blackmusicfestival.com\/politica-de-privadesa\/\" \/>\n<meta property=\"og:site_name\" content=\"Black Music Festival\" \/>\n<meta property=\"article:modified_time\" content=\"2023-11-24T19:51:14+00:00\" \/>\n<meta name=\"twitter:card\" content=\"summary_large_image\" \/>\n<meta name=\"twitter:label1\" content=\"Tiempo de lectura\" \/>\n\t<meta name=\"twitter:data1\" content=\"7 minutos\" \/>\n<script type=\"application\/ld+json\" class=\"yoast-schema-graph\">{\"@context\":\"https:\/\/schema.org\",\"@graph\":[{\"@type\":\"WebPage\",\"@id\":\"https:\/\/blackmusicfestival.com\/politica-de-privadesa\/\",\"url\":\"https:\/\/blackmusicfestival.com\/politica-de-privadesa\/\",\"name\":\"Pol\u00edtica de privacidad - Black Music Festival\",\"isPartOf\":{\"@id\":\"https:\/\/blackmusicfestival.com\/#website\"},\"datePublished\":\"2023-09-26T10:57:14+00:00\",\"dateModified\":\"2023-11-24T19:51:14+00:00\",\"breadcrumb\":{\"@id\":\"https:\/\/blackmusicfestival.com\/politica-de-privadesa\/#breadcrumb\"},\"inLanguage\":\"es\",\"potentialAction\":[{\"@type\":\"ReadAction\",\"target\":[\"https:\/\/blackmusicfestival.com\/politica-de-privadesa\/\"]}]},{\"@type\":\"BreadcrumbList\",\"@id\":\"https:\/\/blackmusicfestival.com\/politica-de-privadesa\/#breadcrumb\",\"itemListElement\":[{\"@type\":\"ListItem\",\"position\":1,\"name\":\"Inici\",\"item\":\"https:\/\/blackmusicfestival.com\/\"},{\"@type\":\"ListItem\",\"position\":2,\"name\":\"Pol\u00edtica de privacidad\"}]},{\"@type\":\"WebSite\",\"@id\":\"https:\/\/blackmusicfestival.com\/#website\",\"url\":\"https:\/\/blackmusicfestival.com\/\",\"name\":\"Black Music Festival\",\"description\":\"El Festival de M\u00fasica Negra de Catalunya\",\"potentialAction\":[{\"@type\":\"SearchAction\",\"target\":{\"@type\":\"EntryPoint\",\"urlTemplate\":\"https:\/\/blackmusicfestival.com\/?s={search_term_string}\"},\"query-input\":{\"@type\":\"PropertyValueSpecification\",\"valueRequired\":true,\"valueName\":\"search_term_string\"}}],\"inLanguage\":\"es\"}]}<\/script>\n<!-- \/ Yoast SEO plugin. -->","yoast_head_json":{"title":"Pol\u00edtica de privacidad - Black Music Festival","robots":{"index":"index","follow":"follow","max-snippet":"max-snippet:-1","max-image-preview":"max-image-preview:large","max-video-preview":"max-video-preview:-1"},"canonical":"https:\/\/blackmusicfestival.com\/politica-de-privadesa\/","og_locale":"es_ES","og_type":"article","og_title":"Pol\u00edtica de privacidad - Black Music Festival","og_description":"Visitar blackmusicfestival.com no supone que el usuario est\u00e9 obligado a facilitar ning\u00fan tipo de informaci\u00f3n de s\u00ed mismo. En ning\u00fan caso esta web recoge datos de m\u00e9todos de pago ni [&hellip;]","og_url":"https:\/\/blackmusicfestival.com\/politica-de-privadesa\/","og_site_name":"Black Music Festival","article_modified_time":"2023-11-24T19:51:14+00:00","twitter_card":"summary_large_image","twitter_misc":{"Tiempo de lectura":"7 minutos"},"schema":{"@context":"https:\/\/schema.org","@graph":[{"@type":"WebPage","@id":"https:\/\/blackmusicfestival.com\/politica-de-privadesa\/","url":"https:\/\/blackmusicfestival.com\/politica-de-privadesa\/","name":"Pol\u00edtica de privacidad - Black Music Festival","isPartOf":{"@id":"https:\/\/blackmusicfestival.com\/#website"},"datePublished":"2023-09-26T10:57:14+00:00","dateModified":"2023-11-24T19:51:14+00:00","breadcrumb":{"@id":"https:\/\/blackmusicfestival.com\/politica-de-privadesa\/#breadcrumb"},"inLanguage":"es","potentialAction":[{"@type":"ReadAction","target":["https:\/\/blackmusicfestival.com\/politica-de-privadesa\/"]}]},{"@type":"BreadcrumbList","@id":"https:\/\/blackmusicfestival.com\/politica-de-privadesa\/#breadcrumb","itemListElement":[{"@type":"ListItem","position":1,"name":"Inici","item":"https:\/\/blackmusicfestival.com\/"},{"@type":"ListItem","position":2,"name":"Pol\u00edtica de privacidad"}]},{"@type":"WebSite","@id":"https:\/\/blackmusicfestival.com\/#website","url":"https:\/\/blackmusicfestival.com\/","name":"Black Music Festival","description":"El Festival de M\u00fasica Negra de Catalunya","potentialAction":[{"@type":"SearchAction","target":{"@type":"EntryPoint","urlTemplate":"https:\/\/blackmusicfestival.com\/?s={search_term_string}"},"query-input":{"@type":"PropertyValueSpecification","valueRequired":true,"valueName":"search_term_string"}}],"inLanguage":"es"}]}},"_links":{"self":[{"href":"https:\/\/blackmusicfestival.com\/es\/wp-json\/wp\/v2\/pages\/988","targetHints":{"allow":["GET"]}}],"collection":[{"href":"https:\/\/blackmusicfestival.com\/es\/wp-json\/wp\/v2\/pages"}],"about":[{"href":"https:\/\/blackmusicfestival.com\/es\/wp-json\/wp\/v2\/types\/page"}],"author":[{"embeddable":true,"href":"https:\/\/blackmusicfestival.com\/es\/wp-json\/wp\/v2\/users\/1"}],"replies":[{"embeddable":true,"href":"https:\/\/blackmusicfestival.com\/es\/wp-json\/wp\/v2\/comments?post=988"}],"version-history":[{"count":5,"href":"https:\/\/blackmusicfestival.com\/es\/wp-json\/wp\/v2\/pages\/988\/revisions"}],"predecessor-version":[{"id":1066,"href":"https:\/\/blackmusicfestival.com\/es\/wp-json\/wp\/v2\/pages\/988\/revisions\/1066"}],"wp:attachment":[{"href":"https:\/\/blackmusicfestival.com\/es\/wp-json\/wp\/v2\/media?parent=988"}],"curies":[{"name":"wp","href":"https:\/\/api.w.org\/{rel}","templated":true}]}}